{"id":10528,"date":"2025-01-02T12:55:52","date_gmt":"2025-01-02T12:55:52","guid":{"rendered":"https:\/\/modacable.com\/?post_type=product&#038;p=10528"},"modified":"2025-02-25T13:27:22","modified_gmt":"2025-02-25T13:27:22","slug":"bundle-tendenze-donna-pe-2026","status":"publish","type":"product","link":"https:\/\/www.modacable.com\/it\/prodotto\/bundle-tendenze-donna-pe-2026\/","title":{"rendered":"Bundle Tendenze Donna PE 2026"},"content":{"rendered":"<p><strong>BUNDLE Primavera\/estate 2026 TENDENZE MODA &#8211; DONNA<\/strong><\/p>\n<p>_____________________________________________________<\/p>\n<p><strong>Primavera\/estate 2026 TENDENZE MODA &#8211; DONNA<\/strong><\/p>\n<p><strong>Download immediato Fashion Trend Book digitale<\/strong><\/p>\n<p>Questo trend book \u00e8 il punto di partenza irrinunciabile per ogni attivit\u00e0 di fashion design! In un solo book puoi trovare 5 key mood e 9 macro trend per le tendenze donna PE 2026<\/p>\n<p><strong>Questa guida di 57 pagine in PDF risponde a tutte le esigenze di ogni fashion designer.<\/strong><\/p>\n<p><strong>Riceverai:<\/strong><\/p>\n<p>Una panoramica dettagliata degli 5 macro mood che influenzeranno il mondo della moda nella primavera-estate 2026<br \/>\nInsight sui colori Pantone e dettagli dei 9 macro trend chiave gi\u00e0 sviluppati per te per la stagione con immagini ispirazionali e colori.<\/p>\n<p>Previsioni dei key shapes moda in 19 pagine in PDF (divisi in 5 sezioni: dress, top, gonne e pantaloni);<br \/>\n5 pagine in PDF con le tendenze chiave per i colori con indicatori Pantone<br \/>\n5 pagine in PDF con i key print trend e immagini ispirazionali.<\/p>\n<p><strong>Scarica ora con un solo clic le tendenze a lungo termine per la stagione PE 2026 sul tuo dispositivo!<\/strong><\/p>\n<p>______________________________________________________<\/p>\n<p><strong>Primavera\/estate 2026 TENDENZE ABITI \u2013 DONNA<\/strong><\/p>\n<p><strong>Download immediato Fashion Trend Book digitale<\/strong><\/p>\n<p>Questo trend book \u00e8 il punto di partenza irrinunciabile per ogni attivit\u00e0 di fashion design! Questo trend book \u00e8 il punto di partenza irrinunciabile per ogni attivit\u00e0 di fashion design! In un solo book puoi trovare 3 key mood e 18 key shapes per le tendenze donna PE 2026.<\/p>\n<p><strong>Questa guida di 32 pagine in PDF risponde a tutte le esigenze di ogni fashion designer.<\/strong><\/p>\n<p><strong>Riceverai:<\/strong><\/p>\n<p>Una panoramica dettagliata degli 3 macro mood vestiti che influenzeranno il mondo della moda nella primavera-estate 2026<br \/>\nInsight sulle forme e dettagli dei 18 key shapes gi\u00e0 sviluppati per te per la stagione con immagini ispirazionali e colori.<\/p>\n<p>18 pagine in PDF con le tendenze chiave<br \/>\n4 pagine in PDF di tendenze colori con Pantone indicators<br \/>\n4 pagine in PDF con di key print trend e immagini ispirazionali.<\/p>\n<p><strong>Scarica ora con un solo clic le tendenze a lungo termine per la stagione PE 2026 sul tuo dispositivo!<\/strong><\/p>\n<p>_____________________________________________________<\/p>\n<p><strong>Primavera\/Estate 2026 GUIDA BLUSE &#8211; DONNA<\/strong><\/p>\n<p><strong>Download immediato Fashion Trend Book digitale<\/strong><\/p>\n<p>Questo trend book \u00e8 il punto di partenza irrinunciabile per ogni attivit\u00e0 di fashion design! In un solo book puoi trovare 3 key mood e 15 key shapes per le tendenze bluse donna PE 2026 .<\/p>\n<p><strong>Questa guida di 30 pagine in PDF risponde a tutte le esigenze di ogni fashion designer.<\/strong><\/p>\n<p><strong>Riceverai:<\/strong><\/p>\n<p>Una panoramica dettagliata degli 3 macro mood abiti donna che influenzeranno il mondo della moda nella primavera-estate 2026<\/p>\n<p>Previsioni dei key shapes moda in 16 pagine in PDF;<br \/>\n4 pagine in PDF con le tendenze chiave per i colori con indicatori Pantone<br \/>\n4 pagine in PDF con i key trend tessile e immagini ispirazionali.<\/p>\n<p><strong>Get a digital display of the long term BLOUSE trend PE 2026 in one click on you computer!\u00a0<\/strong><\/p>\n<p>___________________________________________________<\/p>\n<p><strong>Primavera\/Estate 2026 GUIDA COMPLETI COORDINATI &#8211; DONNA<\/strong><\/p>\n<p><strong>Download immediato Fashion Trend Book digitale<\/strong><\/p>\n<p>Questo trend book \u00e8 il punto di partenza irrinunciabile per ogni attivit\u00e0 di fashion design! In un solo book puoi trovare 3 key mood e 13 key shapes per le tendenze set coordinati donna PE 2026 .<\/p>\n<p><strong>Questa guida di 19 pagine in PDF risponde a tutte le esigenze di ogni fashion designer.<\/strong><\/p>\n","protected":false},"excerpt":{"rendered":"<p><strong>BUNDLE Primavera\/estate 2026 TENDENZE MODA &#8211; DONNA<\/strong><\/p>\n<p>_____________________________________________________<\/p>\n<p><strong>Primavera\/estate 2026 TENDENZE MODA &#8211; DONNA<\/strong><\/p>\n<p><strong>Download immediato Fashion Trend Book digitale<\/strong><\/p>\n<p>Questo trend book \u00e8 il punto di partenza irrinunciabile per ogni attivit\u00e0 di fashion design! In un solo book puoi trovare 5 key mood e 9 macro trend per le tendenze donna PE 2026<\/p>\n<p><strong>Questa guida di 57 pagine in PDF risponde a tutte le esigenze di ogni fashion designer.<\/strong><\/p>\n<p>____________________________________________________<\/p>\n<p><strong>Primavera\/estate 2026 TENDENZE ABITI \u2013 DONNA<\/strong><\/p>\n<p><strong>Download immediato Fashion Trend Book digitale<\/strong><\/p>\n<p>Questo trend book \u00e8 il punto di partenza irrinunciabile per ogni attivit\u00e0 di fashion design! Questo trend book \u00e8 il punto di partenza irrinunciabile per ogni attivit\u00e0 di fashion design! In un solo book puoi trovare 3 key mood e 18 key shapes per le tendenze donna PE 2026.<\/p>\n<p><strong>Questa guida di 32 pagine in PDF risponde a tutte le esigenze di ogni fashion designer.<\/strong><\/p>\n<p>________________________________________<\/p>\n<p><strong>Primavera\/Estate 2026 GUIDA BLUSE &#8211; DONNA<\/strong><\/p>\n<p><strong>Download immediato Fashion Trend Book digitale<\/strong><\/p>\n<p>Questo trend book \u00e8 il punto di partenza irrinunciabile per ogni attivit\u00e0 di fashion design! In un solo book puoi trovare 3 key mood e 15 key shapes per le tendenze bluse donna PE 2026 .<\/p>\n<p><strong>Questa guida di 30 pagine in PDF risponde a tutte le esigenze di ogni fashion designer.<\/strong><\/p>\n<p>______________________________<\/p>\n<p><strong>Primavera\/Estate 2026 GUIDA COMPLETI COORDINATI &#8211; DONNA<\/strong><\/p>\n<p><strong>Download immediato Fashion Trend Book digitale<\/strong><\/p>\n<p>Questo trend book \u00e8 il punto di partenza irrinunciabile per ogni attivit\u00e0 di fashion design! In un solo book puoi trovare 3 key mood e 13 key shapes per le tendenze set coordinati donna PE 2026 .<\/p>\n<p><strong>Questa guida di 19 pagine in PDF risponde a tutte le esigenze di ogni fashion designer.<\/strong><\/p>\n<p>&nbsp;<\/p>\n<p>&nbsp;<\/p>\n","protected":false},"featured_media":10534,"template":"","meta":{"_ppp_document_settings_meta":""},"product_brand":[],"product_cat":[604,167],"product_tag":[],"class_list":{"0":"post-10528","1":"product","2":"type-product","3":"status-publish","4":"has-post-thumbnail","6":"product_cat-trend-books-pe-2026-saldi","7":"product_cat-offerte-bundles","9":"first","10":"instock","11":"sale","12":"downloadable","13":"virtual","14":"purchasable","15":"product-type-woosb"},"yoast_head":"<!-- This site is optimized with the Yoast SEO plugin v27.2 - https:\/\/yoast.com\/product\/yoast-seo-wordpress\/ -->\n<title>Bundle Tendenze Donna PE 2026<\/title>\n<meta name=\"description\" content=\"Bundle Tendenze Donna PE 2026\" \/>\n<meta name=\"robots\" content=\"index, follow, max-snippet:-1, max-image-preview:large, max-video-preview:-1\" \/>\n<link rel=\"canonical\" href=\"https:\/\/www.modacable.com\/it\/prodotto\/bundle-tendenze-donna-pe-2026\/\" \/>\n<meta property=\"og:locale\" content=\"it_IT\" \/>\n<meta property=\"og:type\" content=\"article\" \/>\n<meta property=\"og:title\" content=\"Bundle Tendenze Donna PE 2026\" \/>\n<meta property=\"og:description\" content=\"Bundle Tendenze Donna PE 2026\" \/>\n<meta property=\"og:url\" content=\"https:\/\/www.modacable.com\/it\/prodotto\/bundle-tendenze-donna-pe-2026\/\" \/>\n<meta property=\"og:site_name\" content=\"Modacable\" \/>\n<meta property=\"article:modified_time\" content=\"2025-02-25T13:27:22+00:00\" \/>\n<meta property=\"og:image\" content=\"https:\/\/www.modacable.com\/wp-content\/uploads\/2025\/01\/345.jpg\" \/>\n\t<meta property=\"og:image:width\" content=\"715\" \/>\n\t<meta property=\"og:image:height\" content=\"519\" \/>\n\t<meta property=\"og:image:type\" content=\"image\/jpeg\" \/>\n<meta name=\"twitter:card\" content=\"summary_large_image\" \/>\n<meta name=\"twitter:label1\" content=\"Tempo di lettura stimato\" \/>\n\t<meta name=\"twitter:data1\" content=\"3 minuti\" \/>\n<script type=\"application\/ld+json\" class=\"yoast-schema-graph\">{\"@context\":\"https:\/\/schema.org\",\"@graph\":[{\"@type\":\"WebPage\",\"@id\":\"https:\/\/www.modacable.com\/it\/prodotto\/bundle-tendenze-donna-pe-2026\/\",\"url\":\"https:\/\/www.modacable.com\/it\/prodotto\/bundle-tendenze-donna-pe-2026\/\",\"name\":\"Bundle Tendenze Donna PE 2026\",\"isPartOf\":{\"@id\":\"https:\/\/modacable.com\/#website\"},\"primaryImageOfPage\":{\"@id\":\"https:\/\/www.modacable.com\/it\/prodotto\/bundle-tendenze-donna-pe-2026\/#primaryimage\"},\"image\":{\"@id\":\"https:\/\/www.modacable.com\/it\/prodotto\/bundle-tendenze-donna-pe-2026\/#primaryimage\"},\"thumbnailUrl\":\"https:\/\/www.modacable.com\/wp-content\/uploads\/2025\/01\/345.jpg\",\"datePublished\":\"2025-01-02T12:55:52+00:00\",\"dateModified\":\"2025-02-25T13:27:22+00:00\",\"description\":\"Bundle Tendenze Donna PE 2026\",\"breadcrumb\":{\"@id\":\"https:\/\/www.modacable.com\/it\/prodotto\/bundle-tendenze-donna-pe-2026\/#breadcrumb\"},\"inLanguage\":\"it-IT\",\"potentialAction\":[{\"@type\":\"ReadAction\",\"target\":[\"https:\/\/www.modacable.com\/it\/prodotto\/bundle-tendenze-donna-pe-2026\/\"]}]},{\"@type\":\"ImageObject\",\"inLanguage\":\"it-IT\",\"@id\":\"https:\/\/www.modacable.com\/it\/prodotto\/bundle-tendenze-donna-pe-2026\/#primaryimage\",\"url\":\"https:\/\/www.modacable.com\/wp-content\/uploads\/2025\/01\/345.jpg\",\"contentUrl\":\"https:\/\/www.modacable.com\/wp-content\/uploads\/2025\/01\/345.jpg\",\"width\":715,\"height\":519,\"caption\":\"women' trend bundle SS 2026\"},{\"@type\":\"BreadcrumbList\",\"@id\":\"https:\/\/www.modacable.com\/it\/prodotto\/bundle-tendenze-donna-pe-2026\/#breadcrumb\",\"itemListElement\":[{\"@type\":\"ListItem\",\"position\":1,\"name\":\"Home\",\"item\":\"https:\/\/www.modacable.com\/it\/\"},{\"@type\":\"ListItem\",\"position\":2,\"name\":\"Trend E-Book Shop\",\"item\":\"https:\/\/modacable.com\/it\/negozio\/\"},{\"@type\":\"ListItem\",\"position\":3,\"name\":\"Bundle Tendenze Donna PE 2026\"}]},{\"@type\":\"WebSite\",\"@id\":\"https:\/\/modacable.com\/#website\",\"url\":\"https:\/\/modacable.com\/\",\"name\":\"Modacable\",\"description\":\"\",\"potentialAction\":[{\"@type\":\"SearchAction\",\"target\":{\"@type\":\"EntryPoint\",\"urlTemplate\":\"https:\/\/modacable.com\/?s={search_term_string}\"},\"query-input\":{\"@type\":\"PropertyValueSpecification\",\"valueRequired\":true,\"valueName\":\"search_term_string\"}}],\"inLanguage\":\"it-IT\"}]}<\/script>\n<!-- \/ Yoast SEO plugin. -->","yoast_head_json":{"title":"Bundle Tendenze Donna PE 2026","description":"Bundle Tendenze Donna PE 2026","robots":{"index":"index","follow":"follow","max-snippet":"max-snippet:-1","max-image-preview":"max-image-preview:large","max-video-preview":"max-video-preview:-1"},"canonical":"https:\/\/www.modacable.com\/it\/prodotto\/bundle-tendenze-donna-pe-2026\/","og_locale":"it_IT","og_type":"article","og_title":"Bundle Tendenze Donna PE 2026","og_description":"Bundle Tendenze Donna PE 2026","og_url":"https:\/\/www.modacable.com\/it\/prodotto\/bundle-tendenze-donna-pe-2026\/","og_site_name":"Modacable","article_modified_time":"2025-02-25T13:27:22+00:00","og_image":[{"width":715,"height":519,"url":"https:\/\/www.modacable.com\/wp-content\/uploads\/2025\/01\/345.jpg","type":"image\/jpeg"}],"twitter_card":"summary_large_image","twitter_misc":{"Tempo di lettura stimato":"3 minuti"},"schema":{"@context":"https:\/\/schema.org","@graph":[{"@type":"WebPage","@id":"https:\/\/www.modacable.com\/it\/prodotto\/bundle-tendenze-donna-pe-2026\/","url":"https:\/\/www.modacable.com\/it\/prodotto\/bundle-tendenze-donna-pe-2026\/","name":"Bundle Tendenze Donna PE 2026","isPartOf":{"@id":"https:\/\/modacable.com\/#website"},"primaryImageOfPage":{"@id":"https:\/\/www.modacable.com\/it\/prodotto\/bundle-tendenze-donna-pe-2026\/#primaryimage"},"image":{"@id":"https:\/\/www.modacable.com\/it\/prodotto\/bundle-tendenze-donna-pe-2026\/#primaryimage"},"thumbnailUrl":"https:\/\/www.modacable.com\/wp-content\/uploads\/2025\/01\/345.jpg","datePublished":"2025-01-02T12:55:52+00:00","dateModified":"2025-02-25T13:27:22+00:00","description":"Bundle Tendenze Donna PE 2026","breadcrumb":{"@id":"https:\/\/www.modacable.com\/it\/prodotto\/bundle-tendenze-donna-pe-2026\/#breadcrumb"},"inLanguage":"it-IT","potentialAction":[{"@type":"ReadAction","target":["https:\/\/www.modacable.com\/it\/prodotto\/bundle-tendenze-donna-pe-2026\/"]}]},{"@type":"ImageObject","inLanguage":"it-IT","@id":"https:\/\/www.modacable.com\/it\/prodotto\/bundle-tendenze-donna-pe-2026\/#primaryimage","url":"https:\/\/www.modacable.com\/wp-content\/uploads\/2025\/01\/345.jpg","contentUrl":"https:\/\/www.modacable.com\/wp-content\/uploads\/2025\/01\/345.jpg","width":715,"height":519,"caption":"women' trend bundle SS 2026"},{"@type":"BreadcrumbList","@id":"https:\/\/www.modacable.com\/it\/prodotto\/bundle-tendenze-donna-pe-2026\/#breadcrumb","itemListElement":[{"@type":"ListItem","position":1,"name":"Home","item":"https:\/\/www.modacable.com\/it\/"},{"@type":"ListItem","position":2,"name":"Trend E-Book Shop","item":"https:\/\/modacable.com\/it\/negozio\/"},{"@type":"ListItem","position":3,"name":"Bundle Tendenze Donna PE 2026"}]},{"@type":"WebSite","@id":"https:\/\/modacable.com\/#website","url":"https:\/\/modacable.com\/","name":"Modacable","description":"","potentialAction":[{"@type":"SearchAction","target":{"@type":"EntryPoint","urlTemplate":"https:\/\/modacable.com\/?s={search_term_string}"},"query-input":{"@type":"PropertyValueSpecification","valueRequired":true,"valueName":"search_term_string"}}],"inLanguage":"it-IT"}]}},"_links":{"self":[{"href":"https:\/\/www.modacable.com\/it\/wp-json\/wp\/v2\/product\/10528","targetHints":{"allow":["GET"]}}],"collection":[{"href":"https:\/\/www.modacable.com\/it\/wp-json\/wp\/v2\/product"}],"about":[{"href":"https:\/\/www.modacable.com\/it\/wp-json\/wp\/v2\/types\/product"}],"wp:featuredmedia":[{"embeddable":true,"href":"https:\/\/www.modacable.com\/it\/wp-json\/wp\/v2\/media\/10534"}],"wp:attachment":[{"href":"https:\/\/www.modacable.com\/it\/wp-json\/wp\/v2\/media?parent=10528"}],"wp:term":[{"taxonomy":"product_brand","embeddable":true,"href":"https:\/\/www.modacable.com\/it\/wp-json\/wp\/v2\/product_brand?post=10528"},{"taxonomy":"product_cat","embeddable":true,"href":"https:\/\/www.modacable.com\/it\/wp-json\/wp\/v2\/product_cat?post=10528"},{"taxonomy":"product_tag","embeddable":true,"href":"https:\/\/www.modacable.com\/it\/wp-json\/wp\/v2\/product_tag?post=10528"}],"curies":[{"name":"wp","href":"https:\/\/api.w.org\/{rel}","templated":true}]}}