{"id":10029,"date":"2024-12-03T09:25:28","date_gmt":"2024-12-03T09:25:28","guid":{"rendered":"https:\/\/modacable.com\/?post_type=product&#038;p=10029"},"modified":"2025-02-07T10:42:29","modified_gmt":"2025-02-07T10:42:29","slug":"pe-2026-tendenze-abiti-donna","status":"publish","type":"product","link":"https:\/\/www.modacable.com\/it\/prodotto\/pe-2026-tendenze-abiti-donna\/","title":{"rendered":"Guida Abiti Donna PE 2026"},"content":{"rendered":"<p><strong>Primavera\/estate 2026 TENDENZE ABITI \u2013 DONNA<\/strong><\/p>\n<p><strong>Download immediato Fashion Trend Book digitale<\/strong><\/p>\n<p>Questo trend book \u00e8 il punto di partenza irrinunciabile per ogni attivit\u00e0 di fashion design! Questo trend book \u00e8 il punto di partenza irrinunciabile per ogni attivit\u00e0 di fashion design! In un solo book puoi trovare 3 key mood e 18 key shapes per le tendenze donna PE 2026.<\/p>\n<p><strong>Questa guida di 32 pagine in PDF risponde a tutte le esigenze di ogni fashion designer.<\/strong><\/p>\n<p><strong>Riceverai:<\/strong><\/p>\n<p>Una panoramica dettagliata degli 3 macro mood vestiti che influenzeranno il mondo della moda nella primavera-estate 2026<br \/>\nInsight sulle forme e dettagli dei 18 key shapes gi\u00e0 sviluppati per te per la stagione con immagini ispirazionali e colori.<\/p>\n<p>18 pagine in PDF con le tendenze chiave<br \/>\n4 pagine in PDF di tendenze colori con Pantone indicators<br \/>\n4 pagine in PDF con di key print trend e immagini ispirazionali.<\/p>\n<p><strong>Scarica ora con un solo clic le tendenze a lungo termine per la stagione PE 2026 sul tuo dispositivo!<\/strong><\/p>\n","protected":false},"excerpt":{"rendered":"<p><strong>Primavera\/estate 2026 TENDENZE ABITI \u2013 DONNA<\/strong><\/p>\n<p><strong>Download immediato Fashion Trend Book digitale<\/strong><\/p>\n<p>Questo trend book \u00e8 il punto di partenza irrinunciabile per ogni attivit\u00e0 di fashion design! Questo trend book \u00e8 il punto di partenza irrinunciabile per ogni attivit\u00e0 di fashion design! In un solo book puoi trovare 3 key mood e 18 key shapes per le tendenze donna PE 2026.<\/p>\n<p><strong>Questa guida di 32 pagine in PDF risponde a tutte le esigenze di ogni fashion designer.<\/strong><\/p>\n<p>&nbsp;<\/p>\n","protected":false},"featured_media":10032,"template":"","meta":{"_ppp_document_settings_meta":""},"product_brand":[],"product_cat":[604],"product_tag":[],"class_list":{"0":"post-10029","1":"product","2":"type-product","3":"status-publish","4":"has-post-thumbnail","6":"product_cat-trend-books-pe-2026-saldi","8":"first","9":"instock","10":"sale","11":"downloadable","12":"virtual","13":"purchasable","14":"product-type-simple"},"yoast_head":"<!-- This site is optimized with the Yoast SEO plugin v27.2 - https:\/\/yoast.com\/product\/yoast-seo-wordpress\/ -->\n<title>PE 2026 TENDENZE ABITI DONNA<\/title>\n<meta name=\"description\" content=\"PE 2026 TENDENZE ABITI DONNA:\" \/>\n<meta name=\"robots\" content=\"index, follow, max-snippet:-1, max-image-preview:large, max-video-preview:-1\" \/>\n<link rel=\"canonical\" href=\"https:\/\/www.modacable.com\/it\/prodotto\/pe-2026-tendenze-abiti-donna\/\" \/>\n<meta property=\"og:locale\" content=\"it_IT\" \/>\n<meta property=\"og:type\" content=\"article\" \/>\n<meta property=\"og:title\" content=\"PE 2026 TENDENZE ABITI DONNA\" \/>\n<meta property=\"og:description\" content=\"PE 2026 TENDENZE ABITI DONNA:\" \/>\n<meta property=\"og:url\" content=\"https:\/\/www.modacable.com\/it\/prodotto\/pe-2026-tendenze-abiti-donna\/\" \/>\n<meta property=\"og:site_name\" content=\"Modacable\" \/>\n<meta property=\"article:modified_time\" content=\"2025-02-07T10:42:29+00:00\" \/>\n<meta property=\"og:image\" content=\"https:\/\/www.modacable.com\/wp-content\/uploads\/2024\/12\/430.jpg\" \/>\n\t<meta property=\"og:image:width\" content=\"715\" \/>\n\t<meta property=\"og:image:height\" content=\"519\" \/>\n\t<meta property=\"og:image:type\" content=\"image\/jpeg\" \/>\n<meta name=\"twitter:card\" content=\"summary_large_image\" \/>\n<meta name=\"twitter:label1\" content=\"Tempo di lettura stimato\" \/>\n\t<meta name=\"twitter:data1\" content=\"1 minuto\" \/>\n<script type=\"application\/ld+json\" class=\"yoast-schema-graph\">{\"@context\":\"https:\/\/schema.org\",\"@graph\":[{\"@type\":\"WebPage\",\"@id\":\"https:\/\/www.modacable.com\/it\/prodotto\/pe-2026-tendenze-abiti-donna\/\",\"url\":\"https:\/\/www.modacable.com\/it\/prodotto\/pe-2026-tendenze-abiti-donna\/\",\"name\":\"PE 2026 TENDENZE ABITI DONNA\",\"isPartOf\":{\"@id\":\"https:\/\/modacable.com\/#website\"},\"primaryImageOfPage\":{\"@id\":\"https:\/\/www.modacable.com\/it\/prodotto\/pe-2026-tendenze-abiti-donna\/#primaryimage\"},\"image\":{\"@id\":\"https:\/\/www.modacable.com\/it\/prodotto\/pe-2026-tendenze-abiti-donna\/#primaryimage\"},\"thumbnailUrl\":\"https:\/\/www.modacable.com\/wp-content\/uploads\/2024\/12\/430.jpg\",\"datePublished\":\"2024-12-03T09:25:28+00:00\",\"dateModified\":\"2025-02-07T10:42:29+00:00\",\"description\":\"PE 2026 TENDENZE ABITI DONNA:\",\"breadcrumb\":{\"@id\":\"https:\/\/www.modacable.com\/it\/prodotto\/pe-2026-tendenze-abiti-donna\/#breadcrumb\"},\"inLanguage\":\"it-IT\",\"potentialAction\":[{\"@type\":\"ReadAction\",\"target\":[\"https:\/\/www.modacable.com\/it\/prodotto\/pe-2026-tendenze-abiti-donna\/\"]}]},{\"@type\":\"ImageObject\",\"inLanguage\":\"it-IT\",\"@id\":\"https:\/\/www.modacable.com\/it\/prodotto\/pe-2026-tendenze-abiti-donna\/#primaryimage\",\"url\":\"https:\/\/www.modacable.com\/wp-content\/uploads\/2024\/12\/430.jpg\",\"contentUrl\":\"https:\/\/www.modacable.com\/wp-content\/uploads\/2024\/12\/430.jpg\",\"width\":715,\"height\":519,\"caption\":\"Dress Guide SS 2026 woman\"},{\"@type\":\"BreadcrumbList\",\"@id\":\"https:\/\/www.modacable.com\/it\/prodotto\/pe-2026-tendenze-abiti-donna\/#breadcrumb\",\"itemListElement\":[{\"@type\":\"ListItem\",\"position\":1,\"name\":\"Home\",\"item\":\"https:\/\/www.modacable.com\/it\/\"},{\"@type\":\"ListItem\",\"position\":2,\"name\":\"Trend E-Book Shop\",\"item\":\"https:\/\/modacable.com\/it\/negozio\/\"},{\"@type\":\"ListItem\",\"position\":3,\"name\":\"Guida Abiti Donna PE 2026\"}]},{\"@type\":\"WebSite\",\"@id\":\"https:\/\/modacable.com\/#website\",\"url\":\"https:\/\/modacable.com\/\",\"name\":\"Modacable\",\"description\":\"\",\"potentialAction\":[{\"@type\":\"SearchAction\",\"target\":{\"@type\":\"EntryPoint\",\"urlTemplate\":\"https:\/\/modacable.com\/?s={search_term_string}\"},\"query-input\":{\"@type\":\"PropertyValueSpecification\",\"valueRequired\":true,\"valueName\":\"search_term_string\"}}],\"inLanguage\":\"it-IT\"}]}<\/script>\n<!-- \/ Yoast SEO plugin. -->","yoast_head_json":{"title":"PE 2026 TENDENZE ABITI DONNA","description":"PE 2026 TENDENZE ABITI DONNA:","robots":{"index":"index","follow":"follow","max-snippet":"max-snippet:-1","max-image-preview":"max-image-preview:large","max-video-preview":"max-video-preview:-1"},"canonical":"https:\/\/www.modacable.com\/it\/prodotto\/pe-2026-tendenze-abiti-donna\/","og_locale":"it_IT","og_type":"article","og_title":"PE 2026 TENDENZE ABITI DONNA","og_description":"PE 2026 TENDENZE ABITI DONNA:","og_url":"https:\/\/www.modacable.com\/it\/prodotto\/pe-2026-tendenze-abiti-donna\/","og_site_name":"Modacable","article_modified_time":"2025-02-07T10:42:29+00:00","og_image":[{"width":715,"height":519,"url":"https:\/\/www.modacable.com\/wp-content\/uploads\/2024\/12\/430.jpg","type":"image\/jpeg"}],"twitter_card":"summary_large_image","twitter_misc":{"Tempo di lettura stimato":"1 minuto"},"schema":{"@context":"https:\/\/schema.org","@graph":[{"@type":"WebPage","@id":"https:\/\/www.modacable.com\/it\/prodotto\/pe-2026-tendenze-abiti-donna\/","url":"https:\/\/www.modacable.com\/it\/prodotto\/pe-2026-tendenze-abiti-donna\/","name":"PE 2026 TENDENZE ABITI DONNA","isPartOf":{"@id":"https:\/\/modacable.com\/#website"},"primaryImageOfPage":{"@id":"https:\/\/www.modacable.com\/it\/prodotto\/pe-2026-tendenze-abiti-donna\/#primaryimage"},"image":{"@id":"https:\/\/www.modacable.com\/it\/prodotto\/pe-2026-tendenze-abiti-donna\/#primaryimage"},"thumbnailUrl":"https:\/\/www.modacable.com\/wp-content\/uploads\/2024\/12\/430.jpg","datePublished":"2024-12-03T09:25:28+00:00","dateModified":"2025-02-07T10:42:29+00:00","description":"PE 2026 TENDENZE ABITI DONNA:","breadcrumb":{"@id":"https:\/\/www.modacable.com\/it\/prodotto\/pe-2026-tendenze-abiti-donna\/#breadcrumb"},"inLanguage":"it-IT","potentialAction":[{"@type":"ReadAction","target":["https:\/\/www.modacable.com\/it\/prodotto\/pe-2026-tendenze-abiti-donna\/"]}]},{"@type":"ImageObject","inLanguage":"it-IT","@id":"https:\/\/www.modacable.com\/it\/prodotto\/pe-2026-tendenze-abiti-donna\/#primaryimage","url":"https:\/\/www.modacable.com\/wp-content\/uploads\/2024\/12\/430.jpg","contentUrl":"https:\/\/www.modacable.com\/wp-content\/uploads\/2024\/12\/430.jpg","width":715,"height":519,"caption":"Dress Guide SS 2026 woman"},{"@type":"BreadcrumbList","@id":"https:\/\/www.modacable.com\/it\/prodotto\/pe-2026-tendenze-abiti-donna\/#breadcrumb","itemListElement":[{"@type":"ListItem","position":1,"name":"Home","item":"https:\/\/www.modacable.com\/it\/"},{"@type":"ListItem","position":2,"name":"Trend E-Book Shop","item":"https:\/\/modacable.com\/it\/negozio\/"},{"@type":"ListItem","position":3,"name":"Guida Abiti Donna PE 2026"}]},{"@type":"WebSite","@id":"https:\/\/modacable.com\/#website","url":"https:\/\/modacable.com\/","name":"Modacable","description":"","potentialAction":[{"@type":"SearchAction","target":{"@type":"EntryPoint","urlTemplate":"https:\/\/modacable.com\/?s={search_term_string}"},"query-input":{"@type":"PropertyValueSpecification","valueRequired":true,"valueName":"search_term_string"}}],"inLanguage":"it-IT"}]}},"_links":{"self":[{"href":"https:\/\/www.modacable.com\/it\/wp-json\/wp\/v2\/product\/10029","targetHints":{"allow":["GET"]}}],"collection":[{"href":"https:\/\/www.modacable.com\/it\/wp-json\/wp\/v2\/product"}],"about":[{"href":"https:\/\/www.modacable.com\/it\/wp-json\/wp\/v2\/types\/product"}],"wp:featuredmedia":[{"embeddable":true,"href":"https:\/\/www.modacable.com\/it\/wp-json\/wp\/v2\/media\/10032"}],"wp:attachment":[{"href":"https:\/\/www.modacable.com\/it\/wp-json\/wp\/v2\/media?parent=10029"}],"wp:term":[{"taxonomy":"product_brand","embeddable":true,"href":"https:\/\/www.modacable.com\/it\/wp-json\/wp\/v2\/product_brand?post=10029"},{"taxonomy":"product_cat","embeddable":true,"href":"https:\/\/www.modacable.com\/it\/wp-json\/wp\/v2\/product_cat?post=10029"},{"taxonomy":"product_tag","embeddable":true,"href":"https:\/\/www.modacable.com\/it\/wp-json\/wp\/v2\/product_tag?post=10029"}],"curies":[{"name":"wp","href":"https:\/\/api.w.org\/{rel}","templated":true}]}}