{"id":11845,"date":"2025-03-17T20:25:26","date_gmt":"2025-03-17T20:25:26","guid":{"rendered":"https:\/\/modacable.com\/termini-e-condizioni-di-acquisto\/"},"modified":"2025-04-20T22:15:30","modified_gmt":"2025-04-20T22:15:30","slug":"termini-e-condizioni-di-acquisto","status":"publish","type":"page","link":"https:\/\/www.modacable.com\/it\/termini-e-condizioni-di-acquisto\/","title":{"rendered":"Termini e condizioni di acquisto"},"content":{"rendered":"<h1 class=\"p1\"><b>www.modacable.com Condizioni generali di utilizzo<\/b><\/h1>\n<p data-start=\"180\" data-end=\"525\">Benvenuto su www.modacable.com. Proseguendo nella navigazione e nell\u2019uso di questo sito, accetti di rispettare e di essere vincolato dai seguenti termini di utilizzo che, insieme alla nostra informativa sulla privacy, regolano il rapporto tra te e Modacable di Nipan Daria in relazione a questo sito web. Se non sei d&#8217;accordo con una qualsiasi parte di questi termini, ti invitiamo a non utilizzare il nostro sito.<\/p>\n<p data-start=\"527\" data-end=\"895\">Quando ti iscrivi a Modacable, possiamo inviarti messaggi di marketing per informarti sui nostri prodotti e servizi, compresi quelli che riteniamo possano interessarti. I tuoi dati personali saranno trattati in conformit\u00e0 con la nostra Informativa sulla privacy. Puoi rinunciare in qualsiasi momento utilizzando il link di cancellazione presente nelle nostre e-mail o contattandoci all&#8217;indirizzo <b>info@modacable.com<\/b><\/p>\n<p data-start=\"897\" data-end=\"1019\">In questo documento, &#8220;noi&#8221; e &#8220;ci&#8221; si riferiscono a <strong data-start=\"938\" data-end=\"957\">Modacable di Nipan Daria<\/strong>, mentre &#8220;tu&#8221; indica l&#8217;utente o il visitatore del nostro sito web.<\/p>\n<p data-start=\"1021\" data-end=\"1104\">L&#8217;utilizzo di questo sito web \u00e8 soggetto alle seguenti condizioni:<\/p>\n<ul data-start=\"1106\" data-end=\"2478\">\n<li data-start=\"1106\" data-end=\"1225\">Il contenuto di questo sito web ha finalit\u00e0 informative generali e pu\u00f2 essere aggiornato senza preavviso.<\/li>\n<li data-start=\"1226\" data-end=\"1433\">N\u00e9 noi n\u00e9 terzi offriamo alcuna garanzia circa l&#8217;accuratezza, la tempestivit\u00e0, le prestazioni, la completezza o l&#8217;idoneit\u00e0 dei materiali e delle informazioni presenti su questo sito per qualsiasi scopo specifico.<\/li>\n<li data-start=\"1434\" data-end=\"1611\">L&#8217;utente riconosce che tali informazioni e materiali possono contenere imprecisioni o errori e noi decliniamo ogni responsabilit\u00e0 per tali problemi nella misura massima consentita dalla legge.<\/li>\n<li data-start=\"1612\" data-end=\"1762\">L&#8217;utilizzo dei materiali o delle informazioni contenute in questo sito web \u00e8 interamente a tuo rischio e pericolo e sei responsabile di assicurarti che soddisfino le tue esigenze.<\/li>\n<li data-start=\"1763\" data-end=\"1950\">Il design, il layout, l&#8217;aspetto e la grafica di questo sito sono di nostra propriet\u00e0 o concessi in licenza. La riproduzione \u00e8 consentita solo in base alla nostra nota sul copyright, che fa parte di questi termini.<\/li>\n<li data-start=\"1951\" data-end=\"2062\">Tutti i marchi che appaiono su questo sito web e che non sono di nostra propriet\u00e0 o concessi in licenza a noi, sono adeguatamente riconosciuti.<\/li>\n<li data-start=\"2063\" data-end=\"2149\">L&#8217;uso non autorizzato di questo sito web pu\u00f2 comportare azioni legali o responsabilit\u00e0 penali.<\/li>\n<li data-start=\"2150\" data-end=\"2358\">Questo sito web pu\u00f2 occasionalmente contenere link a siti esterni per ulteriori informazioni. Questi link non implicano la nostra approvazione e non siamo responsabili del contenuto di tali siti web di terzi.<\/li>\n<li data-start=\"2359\" data-end=\"2478\">L&#8217;uso di questo sito web e qualsiasi controversia derivante da esso sono regolati dalle leggi italiane.<\/li>\n<\/ul>\n<h3 data-start=\"2480\" data-end=\"2527\"><strong data-start=\"2484\" data-end=\"2525\">Condizioni d&#8217;uso dei contenuti digitali gratuiti<\/strong><\/h3>\n<p data-start=\"2529\" data-end=\"2582\">I contenuti digitali gratuiti disponibili su questo sito web:<\/p>\n<ul data-start=\"2583\" data-end=\"3209\">\n<li data-start=\"2583\" data-end=\"2628\">Viene fornito su base <strong data-start=\"2602\" data-end=\"2619\">non esclusiva<\/strong>.<\/li>\n<li data-start=\"2629\" data-end=\"2793\">Pu\u00f2 essere <strong data-start=\"2638\" data-end=\"2674\">condiviso, copiato o ridistribuito<\/strong> con qualsiasi mezzo o formato, a condizione che venga dato il giusto credito, compreso un link al <strong data-start=\"2767\" data-end=\"2790\">sito web<\/strong> di <strong data-start=\"2767\" data-end=\"2790\">Trend Bible<\/strong>.<\/li>\n<li data-start=\"2794\" data-end=\"3000\"><strong data-start=\"2796\" data-end=\"2812\">Non deve essere:<\/strong>\n<ul data-start=\"2817\" data-end=\"3000\">\n<li data-start=\"2817\" data-end=\"2873\">Alterato e poi ridistribuito nella sua forma modificata.<\/li>\n<li data-start=\"2876\" data-end=\"2911\">Venduto o sfruttato commercialmente.<\/li>\n<li data-start=\"2914\" data-end=\"3000\">Limitati da misure legali o tecnologiche che ne impediscono l&#8217;utilizzo da parte di altri.<\/li>\n<\/ul>\n<\/li>\n<li data-start=\"3001\" data-end=\"3209\">Contiene materiali di nostra propriet\u00e0, di terzi o di entrambi. \u00c8 vietato rimuovere, modificare o oscurare qualsiasi marchio di propriet\u00e0 come <strong data-start=\"3130\" data-end=\"3206\">il copyright (\u00a9), i marchi registrati (\u00ae) o i marchi non registrati (\u2122)<\/strong>.<\/li>\n<\/ul>\n<h3 data-start=\"3211\" data-end=\"3249\"><strong data-start=\"3215\" data-end=\"3247\">Diritti di propriet\u00e0 intellettuale<\/strong><\/h3>\n<p data-start=\"3251\" data-end=\"3515\">I nostri prodotti contengono <strong data-start=\"3272\" data-end=\"3313\">elementi grafici, visivi e testuali<\/strong>, comprese le illustrazioni, tutti protetti da <strong data-start=\"3373\" data-end=\"3431\">copyright, diritti d&#8217;immagine, diritti di design e marchi<\/strong>. Tali diritti sono di propriet\u00e0 di <strong data-start=\"3466\" data-end=\"3481\">Modacable di Nipan Daria<\/strong> o concessi in licenza da terzi. Modacable di Nipan Daria non ha alcuna pretesa o credito per le immagini presenti sul nostro sito web, a meno che non sia indicato diversamente. Tutti i contenuti visivi sono protetti da copyright dei rispettivi proprietari e facciamo il possibile per accreditare le fonti quando possibile. Se possiedi i diritti sulle immagini e non vuoi che appaiano qui, contattaci e le rimuoveremo prontamente.<\/p>\n<p data-start=\"3736\" data-end=\"3934\">I diritti di <strong data-start=\"3835\" data-end=\"3874\">utilizzo, riproduzione e distribuzione<\/strong> sono detenuti da Modacable di Nipan Daria o dai rispettivi titolari dei diritti.<\/p>\n<p data-start=\"3936\" data-end=\"4177\">Qualsiasi <strong data-start=\"3940\" data-end=\"4022\">copia, riproduzione, imitazione, pubblicazione, distribuzione o uso commerciale<\/strong> di qualsiasi materiale protetto, in tutto o in parte, e su qualsiasi supporto, \u00e8 severamente vietato senza il previo <strong data-start=\"4128\" data-end=\"4150\">consenso scritto<\/strong> dei titolari dei diritti.<\/p>\n<h3 data-start=\"4179\" data-end=\"4239\"><strong data-start=\"4183\" data-end=\"4237\">Termini e condizioni standard per gli acquisti online<\/strong><\/h3>\n<p class=\"\" data-start=\"83\" data-end=\"411\">Acquistando contenuti digitali (es. trend e-book) o servizi digitali (es. abbonamento premium) dal nostro sito, accetti legalmente i presenti termini. Una volta effettuato il pagamento, l\u2019ordine \u00e8 considerato confermato, costituendo un contratto vincolante. I pagamenti non sono rimborsabili, anche in caso di cancellazione.<\/p>\n<p class=\"\" data-start=\"413\" data-end=\"619\"><strong>I trend e-book sono prodotti digitali acquistabili online<\/strong>. Dopo aver completato l&#8217;acquisto, potrai scaricare il tuo Fashion Trend Book immediatamente dalla pagina di conferma del checkout e riceverai anche una copia via email.<\/p>\n<p class=\"\" data-start=\"621\" data-end=\"946\"><strong>L&#8217;abbonamento Premium \u00e8 un servizio digitale acquistabile online<\/strong>. Dopo aver completato l\u2019ordine, riceverai un\u2019email contenente la tua password temporanea e le istruzioni per accedere a questo sito e consultare i contenuti premium.<br data-start=\"851\" data-end=\"854\" \/>Se non ricevi l\u2019email automatica, ti preghiamo di contattarci per richiedere le credenziali. <strong data-start=\"948\" data-end=\"963\">Importante:<\/strong> l\u2019abbonamento PREMIUM <strong data-start=\"986\" data-end=\"1014\">non include alcun e-book<\/strong>. Tuttavia, puoi acquistare gli e-book separatamente in qualsiasi momento dal nostro e-shop.<\/p>\n<h3 data-start=\"4509\" data-end=\"4539\"><strong data-start=\"4514\" data-end=\"4537\">Prezzi e pagamenti<\/strong><\/h3>\n<ul data-start=\"4540\" data-end=\"5203\">\n<li data-start=\"4540\" data-end=\"4695\">Ci riserviamo il diritto di <strong data-start=\"4566\" data-end=\"4583\">modificare i prezzi<\/strong> in qualsiasi momento senza preavviso. Tuttavia, il prezzo applicabile al momento dell&#8217;ordine rimane valido.<\/li>\n<li data-start=\"4696\" data-end=\"4763\">Per i pagamenti con carta, il pagamento deve essere <strong data-start=\"4714\" data-end=\"4730\">effettuato per intero<\/strong> alla cassa.<\/li>\n<li data-start=\"4893\" data-end=\"5073\">I clienti devono assicurarsi di avere il diritto legale di utilizzare il metodo di pagamento scelto. Se viene rilevato un pagamento non autorizzato, Modacable si riserva il diritto di annullare l&#8217;ordine.<\/li>\n<li data-start=\"5074\" data-end=\"5203\">Utilizziamo <strong data-start=\"5083\" data-end=\"5093\">Stripe<\/strong> o <strong>Paypal<\/strong> per le transazioni sicure e non siamo responsabili di alcun uso fraudolento o improprio dei tuoi dati di pagamento.<\/li>\n<\/ul>\n<h3 data-start=\"4509\" data-end=\"4539\"><strong> Formato e compatibilit\u00e0<\/strong><\/h3>\n<p data-start=\"4509\" data-end=\"4539\">I nostri prodotti digitali sono disponibili nei seguenti<strong> formati:<\/strong><\/p>\n<ul data-rte-list=\"default\">\n<li>\n<p class=\"\">&#8220;PDF (Portable Document Format). Consigliamo ai nostri clienti di utilizzare Adobe Acrobat Reader per accedere e utilizzare questo formato di file.<\/p>\n<\/li>\n<li>\n<p class=\"\">&#8220;File compresso &#8220;ZIP&#8221;.<span style=\"color: #333333;\"> Consigliamo ai nostri clienti di utilizzare WinZip per accedere e utilizzare questo formato di file.<\/span><\/p>\n<\/li>\n<\/ul>\n<p class=\"\">I nostri prodotti sono progettati per questi software e dispositivi, ma <strong>non siamo responsabili<\/strong> dei problemi di compatibilit\u00e0. I nostri prodotti digitali possono funzionare con il software in questione, ma future modifiche ai nostri prodotti o al software stesso potrebbero renderli incompatibili.<\/p>\n<h3 data-start=\"5205\" data-end=\"5233\"><strong data-start=\"5209\" data-end=\"5231\">Conformit\u00e0 dei prodotti<\/strong><\/h3>\n<p data-start=\"5235\" data-end=\"5380\">Una volta ricevuto il prodotto, dovrai <strong data-start=\"5273\" data-end=\"5283\">verificare<\/strong> che corrisponda al tuo ordine. Se c&#8217;\u00e8 un problema e Modacable conferma l&#8217;errore, puoi:<\/p>\n<ul data-start=\"5381\" data-end=\"5579\">\n<li data-start=\"5381\" data-end=\"5434\">Richiedi la <strong data-start=\"5393\" data-end=\"5408\">sostituzione<\/strong> del prodotto corretto.<\/li>\n<li data-start=\"5435\" data-end=\"5493\">Richiedi un <strong data-start=\"5447\" data-end=\"5490\">prodotto di qualit\u00e0 e valore equivalente<\/strong>.<\/li>\n<li data-start=\"5494\" data-end=\"5579\">Richiedi il <strong data-start=\"5506\" data-end=\"5516\">rimborso<\/strong>, che verr\u00e0 elaborato entro <strong data-start=\"5549\" data-end=\"5560\">30 giorni<\/strong> dalla richiesta.<\/li>\n<\/ul>\n<h3 data-start=\"5581\" data-end=\"5604\"><strong data-start=\"5585\" data-end=\"5602\">Forza maggiore<\/strong><\/h3>\n<p data-start=\"5606\" data-end=\"5750\">Modacable non \u00e8 responsabile per il mancato adempimento degli obblighi dovuti a <strong data-start=\"5674\" data-end=\"5717\">eventi imprevedibili al di fuori del nostro controllo<\/strong>, inclusi, ma non limitati a:<\/p>\n<ul data-start=\"5752\" data-end=\"6314\">\n<li data-start=\"5752\" data-end=\"5829\">Disastri naturali come <strong data-start=\"5780\" data-end=\"5826\">terremoti, inondazioni, uragani e incendi<\/strong>.<\/li>\n<li data-start=\"5830\" data-end=\"5870\">Esplosioni o incidenti su larga scala.<\/li>\n<li data-start=\"5871\" data-end=\"5962\">Crisi di salute pubblica, come <strong data-start=\"5903\" data-end=\"5959\">epidemie, pandemie, quarantene imposte dal governo<\/strong>.<\/li>\n<li data-start=\"5963\" data-end=\"6035\">Guerra, <strong data-start=\"5970\" data-end=\"6032\">conflitti militari, atti terroristici, rivolte o disordini civili<\/strong>.<\/li>\n<li data-start=\"6036\" data-end=\"6101\">Azioni governative, restrizioni legali o sanzioni imposte.<\/li>\n<li data-start=\"6102\" data-end=\"6160\">Cyberattacchi, <strong data-start=\"6118\" data-end=\"6157\">interruzioni di corrente o di internet<\/strong>.<\/li>\n<li data-start=\"6161\" data-end=\"6224\">Embarghi, restrizioni commerciali o interruzioni della catena di approvvigionamento.<\/li>\n<li data-start=\"6225\" data-end=\"6276\"><strong data-start=\"6227\" data-end=\"6273\">Scioperi, serrate o altre controversie di lavoro<\/strong>.<\/li>\n<li data-start=\"6277\" data-end=\"6314\">Emergenze nazionali o regionali.<\/li>\n<\/ul>\n<p data-start=\"6316\" data-end=\"6419\">In caso di forza maggiore, ti informeremo e adotteremo le misure necessarie per mitigarne l&#8217;impatto.<\/p>\n","protected":false},"excerpt":{"rendered":"<p>www.modacable.com Condizioni generali di utilizzo Benvenuto su www.modacable.com. Proseguendo nella navigazione e nell\u2019uso di questo sito, accetti di rispettare e di essere vincolato dai seguenti termini di utilizzo che, insieme alla nostra informativa sulla privacy, regolano il rapporto tra te e Modacable di Nipan Daria in relazione a questo sito web. Se non sei d&#8217;accordo<\/p>\n","protected":false},"author":2,"featured_media":0,"parent":0,"menu_order":0,"comment_status":"closed","ping_status":"closed","template":"","meta":{"_ppp_document_settings_meta":"","footnotes":""},"class_list":["post-11845","page","type-page","status-publish","hentry"],"yoast_head":"<!-- This site is optimized with the Yoast SEO plugin v27.2 - https:\/\/yoast.com\/product\/yoast-seo-wordpress\/ -->\n<title>Termini e condizioni di acquisto - Modacable<\/title>\n<meta name=\"description\" content=\"Termini e Condizioni di Acquisto su www.modacable.com\" \/>\n<meta name=\"robots\" content=\"index, follow, max-snippet:-1, max-image-preview:large, max-video-preview:-1\" \/>\n<link rel=\"canonical\" href=\"https:\/\/www.modacable.com\/it\/termini-e-condizioni-di-acquisto\/\" \/>\n<meta property=\"og:locale\" content=\"it_IT\" \/>\n<meta property=\"og:type\" content=\"article\" \/>\n<meta property=\"og:title\" content=\"Termini e condizioni di acquisto - Modacable\" \/>\n<meta property=\"og:description\" content=\"Termini e Condizioni di Acquisto su www.modacable.com\" \/>\n<meta property=\"og:url\" content=\"https:\/\/www.modacable.com\/it\/termini-e-condizioni-di-acquisto\/\" \/>\n<meta property=\"og:site_name\" content=\"Modacable\" \/>\n<meta property=\"article:modified_time\" content=\"2025-04-20T22:15:30+00:00\" \/>\n<meta name=\"twitter:card\" content=\"summary_large_image\" \/>\n<meta name=\"twitter:label1\" content=\"Tempo di lettura stimato\" \/>\n\t<meta name=\"twitter:data1\" content=\"6 minuti\" \/>\n<script type=\"application\/ld+json\" class=\"yoast-schema-graph\">{\"@context\":\"https:\/\/schema.org\",\"@graph\":[{\"@type\":\"WebPage\",\"@id\":\"https:\/\/www.modacable.com\/it\/termini-e-condizioni-di-acquisto\/\",\"url\":\"https:\/\/www.modacable.com\/it\/termini-e-condizioni-di-acquisto\/\",\"name\":\"Termini e condizioni di acquisto - Modacable\",\"isPartOf\":{\"@id\":\"https:\/\/modacable.com\/#website\"},\"datePublished\":\"2025-03-17T20:25:26+00:00\",\"dateModified\":\"2025-04-20T22:15:30+00:00\",\"description\":\"Termini e Condizioni di Acquisto su www.modacable.com\",\"breadcrumb\":{\"@id\":\"https:\/\/www.modacable.com\/it\/termini-e-condizioni-di-acquisto\/#breadcrumb\"},\"inLanguage\":\"it-IT\",\"potentialAction\":[{\"@type\":\"ReadAction\",\"target\":[\"https:\/\/www.modacable.com\/it\/termini-e-condizioni-di-acquisto\/\"]}]},{\"@type\":\"BreadcrumbList\",\"@id\":\"https:\/\/www.modacable.com\/it\/termini-e-condizioni-di-acquisto\/#breadcrumb\",\"itemListElement\":[{\"@type\":\"ListItem\",\"position\":1,\"name\":\"Home\",\"item\":\"https:\/\/www.modacable.com\/it\/\"},{\"@type\":\"ListItem\",\"position\":2,\"name\":\"Termini e condizioni di acquisto\"}]},{\"@type\":\"WebSite\",\"@id\":\"https:\/\/modacable.com\/#website\",\"url\":\"https:\/\/modacable.com\/\",\"name\":\"Modacable\",\"description\":\"\",\"potentialAction\":[{\"@type\":\"SearchAction\",\"target\":{\"@type\":\"EntryPoint\",\"urlTemplate\":\"https:\/\/modacable.com\/?s={search_term_string}\"},\"query-input\":{\"@type\":\"PropertyValueSpecification\",\"valueRequired\":true,\"valueName\":\"search_term_string\"}}],\"inLanguage\":\"it-IT\"}]}<\/script>\n<!-- \/ Yoast SEO plugin. -->","yoast_head_json":{"title":"Termini e condizioni di acquisto - Modacable","description":"Termini e Condizioni di Acquisto su www.modacable.com","robots":{"index":"index","follow":"follow","max-snippet":"max-snippet:-1","max-image-preview":"max-image-preview:large","max-video-preview":"max-video-preview:-1"},"canonical":"https:\/\/www.modacable.com\/it\/termini-e-condizioni-di-acquisto\/","og_locale":"it_IT","og_type":"article","og_title":"Termini e condizioni di acquisto - Modacable","og_description":"Termini e Condizioni di Acquisto su www.modacable.com","og_url":"https:\/\/www.modacable.com\/it\/termini-e-condizioni-di-acquisto\/","og_site_name":"Modacable","article_modified_time":"2025-04-20T22:15:30+00:00","twitter_card":"summary_large_image","twitter_misc":{"Tempo di lettura stimato":"6 minuti"},"schema":{"@context":"https:\/\/schema.org","@graph":[{"@type":"WebPage","@id":"https:\/\/www.modacable.com\/it\/termini-e-condizioni-di-acquisto\/","url":"https:\/\/www.modacable.com\/it\/termini-e-condizioni-di-acquisto\/","name":"Termini e condizioni di acquisto - Modacable","isPartOf":{"@id":"https:\/\/modacable.com\/#website"},"datePublished":"2025-03-17T20:25:26+00:00","dateModified":"2025-04-20T22:15:30+00:00","description":"Termini e Condizioni di Acquisto su www.modacable.com","breadcrumb":{"@id":"https:\/\/www.modacable.com\/it\/termini-e-condizioni-di-acquisto\/#breadcrumb"},"inLanguage":"it-IT","potentialAction":[{"@type":"ReadAction","target":["https:\/\/www.modacable.com\/it\/termini-e-condizioni-di-acquisto\/"]}]},{"@type":"BreadcrumbList","@id":"https:\/\/www.modacable.com\/it\/termini-e-condizioni-di-acquisto\/#breadcrumb","itemListElement":[{"@type":"ListItem","position":1,"name":"Home","item":"https:\/\/www.modacable.com\/it\/"},{"@type":"ListItem","position":2,"name":"Termini e condizioni di acquisto"}]},{"@type":"WebSite","@id":"https:\/\/modacable.com\/#website","url":"https:\/\/modacable.com\/","name":"Modacable","description":"","potentialAction":[{"@type":"SearchAction","target":{"@type":"EntryPoint","urlTemplate":"https:\/\/modacable.com\/?s={search_term_string}"},"query-input":{"@type":"PropertyValueSpecification","valueRequired":true,"valueName":"search_term_string"}}],"inLanguage":"it-IT"}]}},"_links":{"self":[{"href":"https:\/\/www.modacable.com\/it\/wp-json\/wp\/v2\/pages\/11845","targetHints":{"allow":["GET"]}}],"collection":[{"href":"https:\/\/www.modacable.com\/it\/wp-json\/wp\/v2\/pages"}],"about":[{"href":"https:\/\/www.modacable.com\/it\/wp-json\/wp\/v2\/types\/page"}],"author":[{"embeddable":true,"href":"https:\/\/www.modacable.com\/it\/wp-json\/wp\/v2\/users\/2"}],"replies":[{"embeddable":true,"href":"https:\/\/www.modacable.com\/it\/wp-json\/wp\/v2\/comments?post=11845"}],"version-history":[{"count":4,"href":"https:\/\/www.modacable.com\/it\/wp-json\/wp\/v2\/pages\/11845\/revisions"}],"predecessor-version":[{"id":11846,"href":"https:\/\/www.modacable.com\/it\/wp-json\/wp\/v2\/pages\/11845\/revisions\/11846"}],"wp:attachment":[{"href":"https:\/\/www.modacable.com\/it\/wp-json\/wp\/v2\/media?parent=11845"}],"curies":[{"name":"wp","href":"https:\/\/api.w.org\/{rel}","templated":true}]}}